{"id":3088,"date":"2016-12-01T08:16:29","date_gmt":"2016-12-01T08:16:29","guid":{"rendered":"https:\/\/2025.chasaeditura.ch\/newsletter\/"},"modified":"2022-02-28T04:55:50","modified_gmt":"2022-02-28T04:55:50","slug":"newsletter","status":"publish","type":"page","link":"https:\/\/2025.chasaeditura.ch\/de\/newsletter\/","title":{"rendered":"Newsletter"},"content":{"rendered":"<div id=\"modal-ready\"><p>M\u00f6chten Sie gerne \u00fcber unsere neuen r\u00e4toromanischen B\u00fccher informiert werden?<\/p>\n<div class=\"tnp tnp-subscription\">\n<form action=\"https:\/\/2025.chasaeditura.ch\/\/all\/?na=s\" method=\"post\"><input name=\"nlang\" type=\"hidden\" value=\"\" \/><\/p>\n<div class=\"tnp-field tnp-field-firstname\"><label>Vorname Name*:<\/label><input class=\"tnp-firstname\" name=\"nn\" required=\"\" type=\"text\" \/><\/div>\n<div class=\"tnp-field tnp-field-email\"><label>Email*:<\/label><input class=\"tnp-email\" name=\"ne\" required=\"\" type=\"email\" \/><\/div>\n<div class=\"tnp-field tnp-field-privacy checkboxdiv\"><label><input class=\"tnp-privacy\" name=\"ny\" required=\"\" type=\"checkbox\" \/> <a href=\"https:\/\/2025.chasaeditura.ch\/impressum-e-decleraziun-davart-la-protecziun-da-datas\/\">Datenschutzerkl\u00e4rung<\/a> akzeptieren<\/label><\/div>\n<div class=\"tnp-field tnp-field-button\"><input class=\"tnp-submit\" type=\"submit\" value=\"Abonnieren\" \/><\/div>\n<\/form>\n<\/div>\n<\/div>","protected":false},"excerpt":{"rendered":"<p>M\u00f6chten Sie gerne \u00fcber unsere neuen r\u00e4toromanischen B\u00fccher informiert werden? Vorname Name*: Email*: Datenschutzerkl\u00e4rung akzeptieren<\/p>\n","protected":false},"author":1,"featured_media":0,"parent":0,"menu_order":37,"comment_status":"closed","ping_status":"closed","template":"","meta":{"inline_featured_image":false},"acf":[],"_links":{"self":[{"href":"https:\/\/2025.chasaeditura.ch\/de\/wp-json\/wp\/v2\/pages\/3088"}],"collection":[{"href":"https:\/\/2025.chasaeditura.ch\/de\/wp-json\/wp\/v2\/pages"}],"about":[{"href":"https:\/\/2025.chasaeditura.ch\/de\/wp-json\/wp\/v2\/types\/page"}],"author":[{"embeddable":true,"href":"https:\/\/2025.chasaeditura.ch\/de\/wp-json\/wp\/v2\/users\/1"}],"replies":[{"embeddable":true,"href":"https:\/\/2025.chasaeditura.ch\/de\/wp-json\/wp\/v2\/comments?post=3088"}],"version-history":[{"count":9,"href":"https:\/\/2025.chasaeditura.ch\/de\/wp-json\/wp\/v2\/pages\/3088\/revisions"}],"predecessor-version":[{"id":9872,"href":"https:\/\/2025.chasaeditura.ch\/de\/wp-json\/wp\/v2\/pages\/3088\/revisions\/9872"}],"wp:attachment":[{"href":"https:\/\/2025.chasaeditura.ch\/de\/wp-json\/wp\/v2\/media?parent=3088"}],"curies":[{"name":"wp","href":"https:\/\/api.w.org\/{rel}","templated":true}]}}